{"id":91,"date":"2024-08-21T12:23:28","date_gmt":"2024-08-21T12:23:28","guid":{"rendered":"https:\/\/bursztyniara.pl\/?page_id=91"},"modified":"2024-08-29T10:30:16","modified_gmt":"2024-08-29T10:30:16","slug":"bursztynek-na-szczescie","status":"publish","type":"page","link":"https:\/\/bursztyniara.pl\/index.php\/bursztynek-na-szczescie\/","title":{"rendered":"Bursztynek na szcz\u0119\u015bcie \/ Tiny lucky amber"},"content":{"rendered":"\n<p>W Gda\u0144sku i okolicach bursztyny mo\u017cna znale\u017a\u0107 nie tylko na pla\u017cy! I wcale nie chodzi mi o nielegalne wykopki w lesie \ud83d\ude09 Kiedy gdzie\u015b jad\u0119, zabieram ze sob\u0105 bursztynki zamkni\u0119te w niewielkich torebkach strunowych wraz z kr\u00f3tkimi instrukcjami dotycz\u0105cymi szukania bursztyn\u00f3w, jak r\u00f3wnie\u017c kontaktem do mnie. Daj mi zna\u0107, kiedy znajedziesz taki ma\u0142y skarb. Mo\u017cesz to zrobi\u0107&nbsp;wstawiaj\u0105c relacj\u0119 lub post&nbsp;na Instagram, Facebook i oznaczaj\u0105c m\u00f3j profil. Mo\u017cesz tak\u017ce u\u017cy\u0107 hashtagu <strong>#tinyluckyamber<\/strong> lub po prostu napisa\u0107 komentarz lub e-mail.<\/p>\n\n\n\n<p>Dlaczego to robi\u0119? Po pierwsze &#8211; dla zabawy, a po drugie &#8211; aby wi\u0119cej os\u00f3b dowiedzia\u0142o si\u0119\u00a0o mojej dzia\u0142alno\u015bci w sieci. Pozdrowienia od po\u0142awiaczki bursztynu! \ud83d\ude42<\/p>\n\n\n\n<p><strong>English<\/strong><\/p>\n\n\n\n<p>Hello from an amber huntress \ud83d\ude42<\/p>\n\n\n\n<p>In Gda\u0144sk and the surrounding area, amber can be found not only on the beach! And I&#8217;m not talking about illegal digging in the forest \ud83d\ude09 When I go somewhere, I take some amber with me, closed in small ziplock bags along with short instructions on how to look for amber, with my contact details included. Let me know when you find this little treasure. You can do so by posting a story on Instagram, Facebook and tagging my profile. You can also use the hashtag #tinyluckyamber or simply leave a comment or email me.<\/p>\n\n\n\n<p>Why am I doing this? First of all for fun but also to let more people know about my website and social media. I will be expanding the English content soon, so stay tuned \ud83d\ude42<\/p>\n","protected":false},"excerpt":{"rendered":"<p>W Gda\u0144sku i okolicach bursztyny mo\u017cna znale\u017a\u0107 nie tylko na pla\u017cy! I wcale nie chodzi mi o nielegalne wykopki w lesie \ud83d\ude09 Kiedy gdzie\u015b jad\u0119, zabieram ze sob\u0105 bursztynki zamkni\u0119te w niewielkich torebkach strunowych wraz z kr\u00f3tkimi instrukcjami dotycz\u0105cymi szukania bursztyn\u00f3w, jak r\u00f3wnie\u017c kontaktem do mnie. Daj mi zna\u0107, kiedy znajedziesz taki ma\u0142y skarb. Mo\u017cesz&#8230;<\/p>\n","protected":false},"author":1,"featured_media":0,"parent":0,"menu_order":0,"comment_status":"closed","ping_status":"closed","template":"","meta":{"footnotes":""},"class_list":["post-91","page","type-page","status-publish","hentry"],"_links":{"self":[{"href":"https:\/\/bursztyniara.pl\/index.php\/wp-json\/wp\/v2\/pages\/91","targetHints":{"allow":["GET"]}}],"collection":[{"href":"https:\/\/bursztyniara.pl\/index.php\/wp-json\/wp\/v2\/pages"}],"about":[{"href":"https:\/\/bursztyniara.pl\/index.php\/wp-json\/wp\/v2\/types\/page"}],"author":[{"embeddable":true,"href":"https:\/\/bursztyniara.pl\/index.php\/wp-json\/wp\/v2\/users\/1"}],"replies":[{"embeddable":true,"href":"https:\/\/bursztyniara.pl\/index.php\/wp-json\/wp\/v2\/comments?post=91"}],"version-history":[{"count":5,"href":"https:\/\/bursztyniara.pl\/index.php\/wp-json\/wp\/v2\/pages\/91\/revisions"}],"predecessor-version":[{"id":105,"href":"https:\/\/bursztyniara.pl\/index.php\/wp-json\/wp\/v2\/pages\/91\/revisions\/105"}],"wp:attachment":[{"href":"https:\/\/bursztyniara.pl\/index.php\/wp-json\/wp\/v2\/media?parent=91"}],"curies":[{"name":"wp","href":"https:\/\/api.w.org\/{rel}","templated":true}]}}